{"id":2776,"date":"2026-01-21T16:42:32","date_gmt":"2026-01-21T15:42:32","guid":{"rendered":"https:\/\/mz.artviper.rocks\/downloads\/"},"modified":"2026-04-01T15:04:26","modified_gmt":"2026-04-01T13:04:26","slug":"downloads","status":"publish","type":"page","link":"https:\/\/emz-et.com\/en\/downloads\/","title":{"rendered":"Downloads"},"content":{"rendered":"<div class=\"wpb-content-wrapper\"><p>[vc_row full_width=&#8221;stretch_row&#8221; css=&#8221;.vc_custom_1744894150977{background-color: #eef3f0 !important;}&#8221;][vc_column css=&#8221;.vc_custom_1744897960699{padding-top: 60px !important;padding-bottom: 70px !important;}&#8221;][vc_custom_heading text=&#8221;HERE YOU CAN FIND OUR&#8221; font_container=&#8221;tag:h3|font_size:48|text_align:center|color:%23009640&#8243; google_fonts=&#8221;font_family:Raleway%3A100%2C200%2C300%2Cregular%2C500%2C600%2C700%2C800%2C900|font_style:500%20bold%20regular%3A500%3Anormal&#8221; css=&#8221;&#8221;][vc_custom_heading text=&#8221;DOWNLOADS&#8221; font_container=&#8221;tag:h1|font_size:98|text_align:center|color:%23009640&#8243; google_fonts=&#8221;font_family:Raleway%3A100%2C200%2C300%2Cregular%2C500%2C600%2C700%2C800%2C900|font_style:600%20bold%20regular%3A600%3Anormal&#8221; css=&#8221;&#8221;][\/vc_column][\/vc_row][vc_row css=&#8221;.vc_custom_1746452777487{padding-top: 30px !important;padding-bottom: 30px !important;}&#8221; el_class=&#8221;emz_ref_content&#8221;][vc_column width=&#8221;1\/6&#8243; offset=&#8221;vc_hidden-sm vc_hidden-xs&#8221;][\/vc_column][vc_column width=&#8221;2\/3&#8243;][vc_column_text css=&#8221;.vc_custom_1775048634862{margin-bottom: 0px !important;}&#8221;]<\/p>\n<p style=\"text-align: center;\">In our download section, <span style=\"color: #000000;\"><a style=\"color: #000000;\" href=\"https:\/\/emz-et.com\/en\/about-us\/\">we<\/a><\/span> provide selected information about our <strong>products, solutions, and certifications.<\/strong> Here you will find datasheets, technical information, and relevant documents &#8211; clearly organized as a solid foundation for planning, tendering, and decision\u2011making.<\/p>\n<p>[\/vc_column_text][\/vc_column][vc_column width=&#8221;1\/6&#8243; offset=&#8221;vc_hidden-sm vc_hidden-xs&#8221;][\/vc_column][\/vc_row][vc_row equal_height=&#8221;yes&#8221; content_placement=&#8221;middle&#8221; el_class=&#8221;emz_space_btn&#8221;][vc_column width=&#8221;1\/3&#8243; el_class=&#8221;emz_ref_bg&#8221; css=&#8221;.vc_custom_1745490441068{margin-top: 20px !important;}&#8221;][vc_single_image image=&#8221;2770&#8243; img_size=&#8221;full&#8221; alignment=&#8221;center&#8221; css=&#8221;.vc_custom_1770364839272{margin-bottom: 20px !important;}&#8221;][vc_custom_heading text=&#8221;FILL LEVEL SENSOR&#8221; font_container=&#8221;tag:p|font_size:18|text_align:left|color:%23009640&#8243; google_fonts=&#8221;font_family:Raleway%3A100%2C200%2C300%2Cregular%2C500%2C600%2C700%2C800%2C900|font_style:400%20regular%3A400%3Anormal&#8221; css=&#8221;.vc_custom_1773737050225{padding-right: 20px !important;padding-left: 20px !important;}&#8221;][vc_separator color=&#8221;custom&#8221; border_width=&#8221;5&#8243; css=&#8221;.vc_custom_1746452217391{padding-right: 20px !important;padding-left: 20px !important;}&#8221; accent_color=&#8221;#eef3f0&#8243;][vc_custom_heading text=&#8221;SWB data sheet&#8221; font_container=&#8221;tag:h2|font_size:34|text_align:left|color:%231e1e20&#8243; google_fonts=&#8221;font_family:Raleway%3A100%2C200%2C300%2Cregular%2C500%2C600%2C700%2C800%2C900|font_style:500%20bold%20regular%3A500%3Anormal&#8221; css=&#8221;.vc_custom_1773737054609{padding-right: 20px !important;padding-left: 20px !important;}&#8221;][vc_column_text css=&#8221;.vc_custom_1773155314060{padding-right: 10px !important;padding-left: 10px !important;}&#8221;]The SWB system offers a robust and reliable solution for fill-level detection in waste containers. It is designed for long-term use and performs reliably in both municipal and commercial environments.[\/vc_column_text][vc_btn title=&#8221;Download document&#8221; align=&#8221;center&#8221; css=&#8221;&#8221; el_class=&#8221;emz_fxa_green_btn&#8221; link=&#8221;url:http%3A%2F%2Femz-et.com%2Fwp-content%2Fuploads%2F2026%2F03%2Ffactsheet_SWB_Series_EN.pdf|target:_blank&#8221;][\/vc_column][vc_column width=&#8221;1\/3&#8243; el_class=&#8221;emz_ref_bg&#8221; css=&#8221;.vc_custom_1745490251786{margin-top: 20px !important;}&#8221;][vc_single_image image=&#8221;2771&#8243; img_size=&#8221;full&#8221; alignment=&#8221;center&#8221; css=&#8221;.vc_custom_1770364845410{margin-bottom: 20px !important;}&#8221;][vc_custom_heading text=&#8221;ACCESS CONTROL&#8221; font_container=&#8221;tag:p|font_size:18|text_align:left|color:%23009640&#8243; google_fonts=&#8221;font_family:Raleway%3A100%2C200%2C300%2Cregular%2C500%2C600%2C700%2C800%2C900|font_style:400%20regular%3A400%3Anormal&#8221; css=&#8221;.vc_custom_1769069942734{padding-right: 20px !important;padding-left: 20px !important;}&#8221;][vc_separator color=&#8221;custom&#8221; border_width=&#8221;5&#8243; css=&#8221;.vc_custom_1746452020431{padding-right: 20px !important;padding-left: 20px !important;}&#8221; accent_color=&#8221;#eef3f0&#8243;][vc_custom_heading text=&#8221;FXA data sheet&#8221; font_container=&#8221;tag:h2|font_size:34|text_align:left|color:%231e1e20&#8243; google_fonts=&#8221;font_family:Raleway%3A100%2C200%2C300%2Cregular%2C500%2C600%2C700%2C800%2C900|font_style:500%20bold%20regular%3A500%3Anormal&#8221; css=&#8221;.vc_custom_1773737065888{padding-right: 20px !important;padding-left: 20px !important;}&#8221;][vc_column_text css=&#8221;.vc_custom_1773155348726{padding-right: 10px !important;padding-left: 10px !important;}&#8221;]FXA stands for maximum flexibility and easy integration into existing systems. The solution is compact, energy-efficient, and designed to work reliably with a wide range of container types and applications.[\/vc_column_text][vc_btn title=&#8221;Download document&#8221; align=&#8221;center&#8221; css=&#8221;&#8221; el_class=&#8221;emz_fxa_green_btn&#8221; link=&#8221;url:http%3A%2F%2Femz-et.com%2Fwp-content%2Fuploads%2F2026%2F03%2Ffactsheet_FXA_Series_EN.pdf|target:_blank&#8221;][\/vc_column][vc_column width=&#8221;1\/3&#8243; el_class=&#8221;emz_ref_bg&#8221; css=&#8221;.vc_custom_1745490256399{margin-top: 20px !important;}&#8221;][vc_single_image image=&#8221;2772&#8243; img_size=&#8221;full&#8221; alignment=&#8221;center&#8221; css=&#8221;.vc_custom_1770364851729{margin-bottom: 20px !important;}&#8221;][vc_custom_heading text=&#8221;ACCESS CONTROL&#8221; font_container=&#8221;tag:p|font_size:18|text_align:left|color:%23009640&#8243; google_fonts=&#8221;font_family:Raleway%3A100%2C200%2C300%2Cregular%2C500%2C600%2C700%2C800%2C900|font_style:400%20regular%3A400%3Anormal&#8221; css=&#8221;.vc_custom_1769069972900{padding-right: 20px !important;padding-left: 20px !important;}&#8221;][vc_separator color=&#8221;custom&#8221; border_width=&#8221;5&#8243; css=&#8221;.vc_custom_1746452259471{padding-right: 20px !important;padding-left: 20px !important;}&#8221; accent_color=&#8221;#eef3f0&#8243;][vc_custom_heading text=&#8221;DX data sheet&#8221; font_container=&#8221;tag:h2|font_size:34|text_align:left|color:%231e1e20&#8243; google_fonts=&#8221;font_family:Raleway%3A100%2C200%2C300%2Cregular%2C500%2C600%2C700%2C800%2C900|font_style:500%20bold%20regular%3A500%3Anormal&#8221; css=&#8221;.vc_custom_1773737074175{padding-right: 20px !important;padding-left: 20px !important;}&#8221;][vc_column_text css=&#8221;.vc_custom_1769069991592{padding-right: 10px !important;padding-left: 10px !important;}&#8221;]DX is our solution for demanding applications with advanced requirements for data availability and connectivity. It enables precise measurements and highly reliable data transmission.[\/vc_column_text][vc_btn title=&#8221;Download document&#8221; align=&#8221;center&#8221; css=&#8221;&#8221; el_class=&#8221;emz_fxa_green_btn&#8221; link=&#8221;url:http%3A%2F%2Femz-et.com%2Fwp-content%2Fuploads%2F2026%2F03%2Ffactsheet_DX_Series_EN.pdf|target:_blank&#8221;][\/vc_column][\/vc_row][vc_row equal_height=&#8221;yes&#8221; content_placement=&#8221;middle&#8221; el_class=&#8221;emz_space_btn&#8221;][vc_column width=&#8221;1\/3&#8243; el_class=&#8221;emz_ref_bg&#8221; css=&#8221;.vc_custom_1745490441068{margin-top: 20px !important;}&#8221;][vc_single_image image=&#8221;2773&#8243; img_size=&#8221;full&#8221; alignment=&#8221;center&#8221; css=&#8221;.vc_custom_1771419048340{margin-bottom: 20px !important;}&#8221;][vc_custom_heading text=&#8221;SECURELY LOCKED&#8221; font_container=&#8221;tag:p|font_size:18|text_align:left|color:%23009640&#8243; google_fonts=&#8221;font_family:Raleway%3A100%2C200%2C300%2Cregular%2C500%2C600%2C700%2C800%2C900|font_style:400%20regular%3A400%3Anormal&#8221; css=&#8221;.vc_custom_1771236244462{padding-right: 20px !important;padding-left: 20px !important;}&#8221;][vc_separator color=&#8221;custom&#8221; border_width=&#8221;5&#8243; css=&#8221;.vc_custom_1746452217391{padding-right: 20px !important;padding-left: 20px !important;}&#8221; accent_color=&#8221;#eef3f0&#8243;][vc_custom_heading text=&#8221;Locking solutions&#8221; font_container=&#8221;tag:h2|font_size:34|text_align:left|color:%231e1e20&#8243; google_fonts=&#8221;font_family:Raleway%3A100%2C200%2C300%2Cregular%2C500%2C600%2C700%2C800%2C900|font_style:500%20bold%20regular%3A500%3Anormal&#8221; css=&#8221;.vc_custom_1773737082710{padding-right: 20px !important;padding-left: 20px !important;}&#8221;][vc_column_text css=&#8221;.vc_custom_1773154763523{padding-right: 10px !important;padding-left: 10px !important;}&#8221;]Our portfolio includes various locking systems for containers, tailored to different requirements for security, access control, and operating environments in municipal and industrial applications.[\/vc_column_text][vc_btn title=&#8221;Download document&#8221; align=&#8221;center&#8221; css=&#8221;&#8221; el_class=&#8221;emz_fxa_green_btn&#8221; link=&#8221;url:http%3A%2F%2Femz-et.com%2Fwp-content%2Fuploads%2F2026%2F03%2Ffactsheet_lock_container_EN.pdf|target:_blank&#8221;][\/vc_column][vc_column width=&#8221;1\/3&#8243; el_class=&#8221;emz_ref_bg&#8221; css=&#8221;.vc_custom_1745490251786{margin-top: 20px !important;}&#8221;][vc_single_image image=&#8221;2774&#8243; img_size=&#8221;full&#8221; alignment=&#8221;center&#8221; css=&#8221;.vc_custom_1770646354072{margin-bottom: 20px !important;}&#8221;][vc_custom_heading text=&#8221;ISO CERTIFICATIONS&#8221; font_container=&#8221;tag:p|font_size:18|text_align:left|color:%23009640&#8243; google_fonts=&#8221;font_family:Raleway%3A100%2C200%2C300%2Cregular%2C500%2C600%2C700%2C800%2C900|font_style:400%20regular%3A400%3Anormal&#8221; css=&#8221;.vc_custom_1770646383843{padding-right: 20px !important;padding-left: 20px !important;}&#8221;][vc_separator color=&#8221;custom&#8221; border_width=&#8221;5&#8243; css=&#8221;.vc_custom_1746452020431{padding-right: 20px !important;padding-left: 20px !important;}&#8221; accent_color=&#8221;#eef3f0&#8243;][vc_custom_heading text=&#8221;DIN EN ISO 14001&#8243; font_container=&#8221;tag:h2|font_size:34|text_align:left|color:%231e1e20&#8243; google_fonts=&#8221;font_family:Raleway%3A100%2C200%2C300%2Cregular%2C500%2C600%2C700%2C800%2C900|font_style:500%20bold%20regular%3A500%3Anormal&#8221; css=&#8221;.vc_custom_1773737090375{padding-right: 20px !important;padding-left: 20px !important;}&#8221;][vc_column_text css=&#8221;.vc_custom_1770646478199{padding-right: 10px !important;padding-left: 10px !important;}&#8221;]Our company is certified according to DIN EN ISO 14001. This certification confirms our structured environmental management and our commitment to sustainable, resource\u2011efficient processes.[\/vc_column_text][vc_btn title=&#8221;Download document&#8221; align=&#8221;center&#8221; css=&#8221;&#8221; el_class=&#8221;emz_fxa_green_btn&#8221; link=&#8221;url:http%3A%2F%2Femz-et.com%2Fwp-content%2Fuploads%2F2026%2F02%2FDIN_EN_ISO_14001_2025.pdf|target:_blank&#8221;][\/vc_column][vc_column width=&#8221;1\/3&#8243; el_class=&#8221;emz_ref_bg&#8221; css=&#8221;.vc_custom_1745490256399{margin-top: 20px !important;}&#8221;][vc_single_image image=&#8221;2775&#8243; img_size=&#8221;full&#8221; alignment=&#8221;center&#8221; css=&#8221;.vc_custom_1770646019927{margin-bottom: 20px !important;}&#8221;][vc_custom_heading text=&#8221;ISO CERTIFICATIONS&#8221; font_container=&#8221;tag:p|font_size:18|text_align:left|color:%23009640&#8243; google_fonts=&#8221;font_family:Raleway%3A100%2C200%2C300%2Cregular%2C500%2C600%2C700%2C800%2C900|font_style:400%20regular%3A400%3Anormal&#8221; css=&#8221;.vc_custom_1770646492627{padding-right: 20px !important;padding-left: 20px !important;}&#8221;][vc_separator color=&#8221;custom&#8221; border_width=&#8221;5&#8243; css=&#8221;.vc_custom_1746452217391{padding-right: 20px !important;padding-left: 20px !important;}&#8221; accent_color=&#8221;#eef3f0&#8243;][vc_custom_heading text=&#8221;DIN EN ISO 9001&#8243; font_container=&#8221;tag:h2|font_size:34|text_align:left|color:%231e1e20&#8243; google_fonts=&#8221;font_family:Raleway%3A100%2C200%2C300%2Cregular%2C500%2C600%2C700%2C800%2C900|font_style:500%20bold%20regular%3A500%3Anormal&#8221; css=&#8221;.vc_custom_1773737097753{padding-right: 20px !important;padding-left: 20px !important;}&#8221;][vc_column_text css=&#8221;.vc_custom_1770646447581{padding-right: 10px !important;padding-left: 10px !important;}&#8221;]Our company is certified according to DIN EN ISO 9001. This certification confirms our structured quality\u2011management system and our commitment to reliable processes and continuous improvement.[\/vc_column_text][vc_btn title=&#8221;Download document&#8221; align=&#8221;center&#8221; css=&#8221;&#8221; el_class=&#8221;emz_fxa_green_btn&#8221; link=&#8221;url:http%3A%2F%2Femz-et.com%2Fwp-content%2Fuploads%2F2026%2F02%2FDIN_EN_ISO_9001_2025.pdf|target:_blank&#8221;][\/vc_column][\/vc_row][vc_row][vc_column][vc_empty_space][\/vc_column][\/vc_row]<\/p>\n<\/div>","protected":false},"excerpt":{"rendered":"<p>[vc_row full_width=&#8221;stretch_row&#8221; css=&#8221;.vc_custom_1744894150977{background-color: #eef3f0 !important;}&#8221;][vc_column css=&#8221;.vc_custom_1744897960699{padding-top: 60px !important;padding-bottom: 70px !important;}&#8221;][vc_custom_heading text=&#8221;HERE YOU CAN FIND OUR&#8221; font_container=&#8221;tag:h3|font_size:48|text_align:center|color:%23009640&#8243; google_fonts=&#8221;font_family:Raleway%3A100%2C200%2C300%2Cregular%2C500%2C600%2C700%2C800%2C900|font_style:500%20bold%20regular%3A500%3Anormal&#8221; css=&#8221;&#8221;][vc_custom_heading text=&#8221;DOWNLOADS&#8221; font_container=&#8221;tag:h1|font_size:98|text_align:center|color:%23009640&#8243; google_fonts=&#8221;font_family:Raleway%3A100%2C200%2C300%2Cregular%2C500%2C600%2C700%2C800%2C900|font_style:600%20bold%20regular%3A600%3Anormal&#8221; css=&#8221;&#8221;][\/vc_column][\/vc_row][vc_row css=&#8221;.vc_custom_1746452777487{padding-top: 30px !important;padding-bottom: 30px !important;}&#8221; el_class=&#8221;emz_ref_content&#8221;][vc_column width=&#8221;1\/6&#8243; offset=&#8221;vc_hidden-sm vc_hidden-xs&#8221;][\/vc_column][vc_column width=&#8221;2\/3&#8243;][vc_column_text css=&#8221;.vc_custom_1775048634862{margin-bottom: 0px !important;}&#8221;] In our download section, we provide selected information about our products, solutions, and certifications. Here you will find datasheets, technical &#8230; <br \/><a class=\"read-more\" href=\"https:\/\/emz-et.com\/en\/downloads\/\">Read More<\/a><\/p>\n","protected":false},"author":1,"featured_media":0,"parent":0,"menu_order":0,"comment_status":"closed","ping_status":"closed","template":"","meta":{"footnotes":""},"class_list":["post-2776","page","type-page","status-publish","hentry"],"yoast_head":"<!-- This site is optimized with the Yoast SEO plugin v27.3 - https:\/\/yoast.com\/product\/yoast-seo-wordpress\/ -->\n<title>Downloads - emz - smarte L\u00f6sungen f\u00fcr nachhaltige Abfallwirtschaft<\/title>\n<meta name=\"description\" content=\"Explore our Downloads section for datasheets, technical documents, and certifications supporting planning and informed decision-making.\" \/>\n<meta name=\"robots\" content=\"index, follow, max-snippet:-1, max-image-preview:large, max-video-preview:-1\" \/>\n<link rel=\"canonical\" href=\"https:\/\/emz-et.com\/en\/downloads\/\" \/>\n<meta property=\"og:locale\" content=\"en_US\" \/>\n<meta property=\"og:type\" content=\"article\" \/>\n<meta property=\"og:title\" content=\"Downloads - emz - smarte L\u00f6sungen f\u00fcr nachhaltige Abfallwirtschaft\" \/>\n<meta property=\"og:description\" content=\"Explore our Downloads section for datasheets, technical documents, and certifications supporting planning and informed decision-making.\" \/>\n<meta property=\"og:url\" content=\"https:\/\/emz-et.com\/en\/downloads\/\" \/>\n<meta property=\"og:site_name\" content=\"emz - smarte L\u00f6sungen f\u00fcr nachhaltige Abfallwirtschaft\" \/>\n<meta property=\"article:modified_time\" content=\"2026-04-01T13:04:26+00:00\" \/>\n<meta property=\"og:image\" content=\"https:\/\/emz-et.com\/wp-content\/uploads\/2025\/11\/Ueber_uns_01-2.jpg\" \/>\n\t<meta property=\"og:image:width\" content=\"850\" \/>\n\t<meta property=\"og:image:height\" content=\"833\" \/>\n\t<meta property=\"og:image:type\" content=\"image\/jpeg\" \/>\n<meta name=\"twitter:card\" content=\"summary_large_image\" \/>\n<script type=\"application\/ld+json\" class=\"yoast-schema-graph\">{\"@context\":\"https:\\\/\\\/schema.org\",\"@graph\":[{\"@type\":\"WebPage\",\"@id\":\"https:\\\/\\\/emz-et.com\\\/en\\\/downloads\\\/\",\"url\":\"https:\\\/\\\/emz-et.com\\\/en\\\/downloads\\\/\",\"name\":\"Downloads - emz - smarte L\u00f6sungen f\u00fcr nachhaltige Abfallwirtschaft\",\"isPartOf\":{\"@id\":\"https:\\\/\\\/emz-et.com\\\/#website\"},\"datePublished\":\"2026-01-21T15:42:32+00:00\",\"dateModified\":\"2026-04-01T13:04:26+00:00\",\"description\":\"Explore our Downloads section for datasheets, technical documents, and certifications supporting planning and informed decision-making.\",\"breadcrumb\":{\"@id\":\"https:\\\/\\\/emz-et.com\\\/en\\\/downloads\\\/#breadcrumb\"},\"inLanguage\":\"en-US\",\"potentialAction\":[{\"@type\":\"ReadAction\",\"target\":[\"https:\\\/\\\/emz-et.com\\\/en\\\/downloads\\\/\"]}]},{\"@type\":\"BreadcrumbList\",\"@id\":\"https:\\\/\\\/emz-et.com\\\/en\\\/downloads\\\/#breadcrumb\",\"itemListElement\":[{\"@type\":\"ListItem\",\"position\":1,\"name\":\"Start\",\"item\":\"https:\\\/\\\/emz-et.com\\\/en\\\/\"},{\"@type\":\"ListItem\",\"position\":2,\"name\":\"Downloads\"}]},{\"@type\":\"WebSite\",\"@id\":\"https:\\\/\\\/emz-et.com\\\/#website\",\"url\":\"https:\\\/\\\/emz-et.com\\\/\",\"name\":\"emz - smarte L\u00f6sungen f\u00fcr nachhaltige Abfallwirtschaft\",\"description\":\"Zugangskontrolle, Volumenkontrolle, F\u00fcllstandssensor, Datenmanagement\",\"publisher\":{\"@id\":\"https:\\\/\\\/emz-et.com\\\/#organization\"},\"alternateName\":\"emz - effiziente Abfallwirtschaft\",\"potentialAction\":[{\"@type\":\"SearchAction\",\"target\":{\"@type\":\"EntryPoint\",\"urlTemplate\":\"https:\\\/\\\/emz-et.com\\\/?s={search_term_string}\"},\"query-input\":{\"@type\":\"PropertyValueSpecification\",\"valueRequired\":true,\"valueName\":\"search_term_string\"}}],\"inLanguage\":\"en-US\"},{\"@type\":\"Organization\",\"@id\":\"https:\\\/\\\/emz-et.com\\\/#organization\",\"name\":\"emz - environmental technology GmbH\",\"alternateName\":\"emz - nachhaltige Abfallwirtschaftsl\u00f6sungen\",\"url\":\"https:\\\/\\\/emz-et.com\\\/\",\"logo\":{\"@type\":\"ImageObject\",\"inLanguage\":\"en-US\",\"@id\":\"https:\\\/\\\/emz-et.com\\\/#\\\/schema\\\/logo\\\/image\\\/\",\"url\":\"https:\\\/\\\/emz-et.com\\\/wp-content\\\/uploads\\\/2025\\\/05\\\/emz_et_LOGO_RGB_green.png\",\"contentUrl\":\"https:\\\/\\\/emz-et.com\\\/wp-content\\\/uploads\\\/2025\\\/05\\\/emz_et_LOGO_RGB_green.png\",\"width\":1000,\"height\":424,\"caption\":\"emz - environmental technology GmbH\"},\"image\":{\"@id\":\"https:\\\/\\\/emz-et.com\\\/#\\\/schema\\\/logo\\\/image\\\/\"},\"sameAs\":[\"https:\\\/\\\/www.linkedin.com\\\/company\\\/emz-environmental-technology-gmbh\\\/\",\"https:\\\/\\\/www.youtube.com\\\/@emz-wastemanagement\"]}]}<\/script>\n<!-- \/ Yoast SEO plugin. -->","yoast_head_json":{"title":"Downloads - emz - smarte L\u00f6sungen f\u00fcr nachhaltige Abfallwirtschaft","description":"Explore our Downloads section for datasheets, technical documents, and certifications supporting planning and informed decision-making.","robots":{"index":"index","follow":"follow","max-snippet":"max-snippet:-1","max-image-preview":"max-image-preview:large","max-video-preview":"max-video-preview:-1"},"canonical":"https:\/\/emz-et.com\/en\/downloads\/","og_locale":"en_US","og_type":"article","og_title":"Downloads - emz - smarte L\u00f6sungen f\u00fcr nachhaltige Abfallwirtschaft","og_description":"Explore our Downloads section for datasheets, technical documents, and certifications supporting planning and informed decision-making.","og_url":"https:\/\/emz-et.com\/en\/downloads\/","og_site_name":"emz - smarte L\u00f6sungen f\u00fcr nachhaltige Abfallwirtschaft","article_modified_time":"2026-04-01T13:04:26+00:00","og_image":[{"width":850,"height":833,"url":"https:\/\/emz-et.com\/wp-content\/uploads\/2025\/11\/Ueber_uns_01-2.jpg","type":"image\/jpeg"}],"twitter_card":"summary_large_image","schema":{"@context":"https:\/\/schema.org","@graph":[{"@type":"WebPage","@id":"https:\/\/emz-et.com\/en\/downloads\/","url":"https:\/\/emz-et.com\/en\/downloads\/","name":"Downloads - emz - smarte L\u00f6sungen f\u00fcr nachhaltige Abfallwirtschaft","isPartOf":{"@id":"https:\/\/emz-et.com\/#website"},"datePublished":"2026-01-21T15:42:32+00:00","dateModified":"2026-04-01T13:04:26+00:00","description":"Explore our Downloads section for datasheets, technical documents, and certifications supporting planning and informed decision-making.","breadcrumb":{"@id":"https:\/\/emz-et.com\/en\/downloads\/#breadcrumb"},"inLanguage":"en-US","potentialAction":[{"@type":"ReadAction","target":["https:\/\/emz-et.com\/en\/downloads\/"]}]},{"@type":"BreadcrumbList","@id":"https:\/\/emz-et.com\/en\/downloads\/#breadcrumb","itemListElement":[{"@type":"ListItem","position":1,"name":"Start","item":"https:\/\/emz-et.com\/en\/"},{"@type":"ListItem","position":2,"name":"Downloads"}]},{"@type":"WebSite","@id":"https:\/\/emz-et.com\/#website","url":"https:\/\/emz-et.com\/","name":"emz - smarte L\u00f6sungen f\u00fcr nachhaltige Abfallwirtschaft","description":"Zugangskontrolle, Volumenkontrolle, F\u00fcllstandssensor, Datenmanagement","publisher":{"@id":"https:\/\/emz-et.com\/#organization"},"alternateName":"emz - effiziente Abfallwirtschaft","potentialAction":[{"@type":"SearchAction","target":{"@type":"EntryPoint","urlTemplate":"https:\/\/emz-et.com\/?s={search_term_string}"},"query-input":{"@type":"PropertyValueSpecification","valueRequired":true,"valueName":"search_term_string"}}],"inLanguage":"en-US"},{"@type":"Organization","@id":"https:\/\/emz-et.com\/#organization","name":"emz - environmental technology GmbH","alternateName":"emz - nachhaltige Abfallwirtschaftsl\u00f6sungen","url":"https:\/\/emz-et.com\/","logo":{"@type":"ImageObject","inLanguage":"en-US","@id":"https:\/\/emz-et.com\/#\/schema\/logo\/image\/","url":"https:\/\/emz-et.com\/wp-content\/uploads\/2025\/05\/emz_et_LOGO_RGB_green.png","contentUrl":"https:\/\/emz-et.com\/wp-content\/uploads\/2025\/05\/emz_et_LOGO_RGB_green.png","width":1000,"height":424,"caption":"emz - environmental technology GmbH"},"image":{"@id":"https:\/\/emz-et.com\/#\/schema\/logo\/image\/"},"sameAs":["https:\/\/www.linkedin.com\/company\/emz-environmental-technology-gmbh\/","https:\/\/www.youtube.com\/@emz-wastemanagement"]}]}},"_links":{"self":[{"href":"https:\/\/emz-et.com\/en\/wp-json\/wp\/v2\/pages\/2776","targetHints":{"allow":["GET"]}}],"collection":[{"href":"https:\/\/emz-et.com\/en\/wp-json\/wp\/v2\/pages"}],"about":[{"href":"https:\/\/emz-et.com\/en\/wp-json\/wp\/v2\/types\/page"}],"author":[{"embeddable":true,"href":"https:\/\/emz-et.com\/en\/wp-json\/wp\/v2\/users\/1"}],"replies":[{"embeddable":true,"href":"https:\/\/emz-et.com\/en\/wp-json\/wp\/v2\/comments?post=2776"}],"version-history":[{"count":15,"href":"https:\/\/emz-et.com\/en\/wp-json\/wp\/v2\/pages\/2776\/revisions"}],"predecessor-version":[{"id":3231,"href":"https:\/\/emz-et.com\/en\/wp-json\/wp\/v2\/pages\/2776\/revisions\/3231"}],"wp:attachment":[{"href":"https:\/\/emz-et.com\/en\/wp-json\/wp\/v2\/media?parent=2776"}],"curies":[{"name":"wp","href":"https:\/\/api.w.org\/{rel}","templated":true}]}}